{"id":4975,"date":"2025-06-23T15:57:22","date_gmt":"2025-06-23T13:57:22","guid":{"rendered":"https:\/\/www.berode.com\/conseiller\/"},"modified":"2025-07-17T10:43:20","modified_gmt":"2025-07-17T08:43:20","slug":"conseiller","status":"publish","type":"page","link":"https:\/\/www.berode.com\/fr\/conseiller\/","title":{"rendered":"Conseiller"},"content":{"rendered":"\t\t<div data-elementor-type=\"wp-page\" data-elementor-id=\"4975\" class=\"elementor elementor-4975 elementor-2141\">\n\t\t\t\t<div class=\"elementor-element elementor-element-19b8c8c e-flex e-con-boxed e-con e-parent\" data-id=\"19b8c8c\" data-element_type=\"container\" data-e-type=\"container\" data-settings=\"{&quot;background_background&quot;:&quot;classic&quot;}\">\n\t\t\t\t\t<div class=\"e-con-inner\">\n\t\t<div class=\"elementor-element elementor-element-372848a e-con-full e-flex e-con e-child\" data-id=\"372848a\" data-element_type=\"container\" data-e-type=\"container\">\n\t\t\t\t<div class=\"elementor-element elementor-element-0ccf104 elementor-widget elementor-widget-heading\" data-id=\"0ccf104\" data-element_type=\"widget\" data-e-type=\"widget\" data-widget_type=\"heading.default\">\n\t\t\t\t<div class=\"elementor-widget-container\">\n\t\t\t\t\t<h1 class=\"elementor-heading-title elementor-size-default\">Postes \u00e0 pourvoir<\/h1>\t\t\t\t<\/div>\n\t\t\t\t<\/div>\n\t\t\t\t<\/div>\n\t\t\t\t\t<\/div>\n\t\t\t\t<\/div>\n\t\t<div class=\"elementor-element elementor-element-8338255 e-flex e-con-boxed e-con e-parent\" data-id=\"8338255\" data-element_type=\"container\" data-e-type=\"container\" data-settings=\"{&quot;background_background&quot;:&quot;classic&quot;}\">\n\t\t\t\t\t<div class=\"e-con-inner\">\n\t\t<div class=\"elementor-element elementor-element-87eb59b e-con-full e-flex e-con e-child\" data-id=\"87eb59b\" data-element_type=\"container\" data-e-type=\"container\">\n\t\t\t\t<div class=\"elementor-element elementor-element-23ce037 elementor-widget elementor-widget-heading\" data-id=\"23ce037\" data-element_type=\"widget\" data-e-type=\"widget\" data-widget_type=\"heading.default\">\n\t\t\t\t<div class=\"elementor-widget-container\">\n\t\t\t\t\t<h2 class=\"elementor-heading-title elementor-size-default\">Ing\u00e9nieurs-conseils<\/h2>\t\t\t\t<\/div>\n\t\t\t\t<\/div>\n\t\t\t\t<div class=\"elementor-element elementor-element-35ebd54 elementor-widget elementor-widget-text-editor\" data-id=\"35ebd54\" data-element_type=\"widget\" data-e-type=\"widget\" data-widget_type=\"text-editor.default\">\n\t\t\t\t<div class=\"elementor-widget-container\">\n\t\t\t\t\t\t\t\t\t<p>Nous recherchons : Ing\u00e9nieurs (h\/f\/x) en tant que consultants<\/p>\t\t\t\t\t\t\t\t<\/div>\n\t\t\t\t<\/div>\n\t\t\t\t<div class=\"elementor-element elementor-element-74abf08 elementor-widget elementor-widget-text-editor\" data-id=\"74abf08\" data-element_type=\"widget\" data-e-type=\"widget\" data-widget_type=\"text-editor.default\">\n\t\t\t\t<div class=\"elementor-widget-container\">\n\t\t\t\t\t\t\t\t\t<p>Vous ne voulez pas seulement d\u00e9velopper en th\u00e9orie, mais changer en pratique ? Chez BERODE, tu combines savoir-faire technique et conseil strat\u00e9gique pour transformer tes id\u00e9es en v\u00e9ritables succ\u00e8s. <\/p>\t\t\t\t\t\t\t\t<\/div>\n\t\t\t\t<\/div>\n\t\t\t\t<div class=\"elementor-element elementor-element-959e735 elementor-widget elementor-widget-text-editor\" data-id=\"959e735\" data-element_type=\"widget\" data-e-type=\"widget\" data-widget_type=\"text-editor.default\">\n\t\t\t\t<div class=\"elementor-widget-container\">\n\t\t\t\t\t\t\t\t\t<style><span data-mce-type=\"bookmark\" style=\"display: inline-block; width: 0px; overflow: hidden; line-height: 0;\" class=\"mce_SELRES_start\"\/><br\/>\n  .no-indent {<br\/>\n    padding-left: 1.5em;<br\/>\n    margin-left: 0;<br\/>\n    list-style-position: outside;<br\/>\n    list-style-type: square;<br\/>\n  }<br\/>\n.spacer-small {<br\/>\n    margin-top: 6px;<br\/>\n  }<br\/>\n<\/style>\n\n<b>Ce qui vous attend chez nous<\/b>\n<div class=\"spacer-small\"><\/div>\n<ul class=\"no-indent\">\n \t<li>Vous analysez les produits, les processus et les circuits d&rsquo;approvisionnement afin de les rendre plus performants sur le plan technique et \u00e9conomique.<\/li>\n \t<li>Vous travaillez dans des \u00e9quipes de projet interdisciplinaires avec des coll\u00e8gues issus de la technique, de l&rsquo;\u00e9conomie et du conseil.<\/li>\n \t<li>Vous apportez vos propres id\u00e9es, d\u00e9veloppez de nouveaux concepts et accompagnez les clients de la premi\u00e8re analyse \u00e0 la mise en \u0153uvre.<\/li>\n \t<li>Vous \u00eates en contact direct avec les clients &#8211; sur un pied d&rsquo;\u00e9galit\u00e9 et avec une r\u00e9elle marge de man\u0153uvre.<\/li>\n<\/ul>\t\t\t\t\t\t\t\t<\/div>\n\t\t\t\t<\/div>\n\t\t\t\t<div class=\"elementor-element elementor-element-1bb3079 elementor-widget elementor-widget-text-editor\" data-id=\"1bb3079\" data-element_type=\"widget\" data-e-type=\"widget\" data-widget_type=\"text-editor.default\">\n\t\t\t\t<div class=\"elementor-widget-container\">\n\t\t\t\t\t\t\t\t\t<style>\n  .no-indent {\n    padding-left: 1.5em;\n    margin-left: 0;\n    list-style-position: outside;\n    list-style-type: square;\n  }\n.spacer-small {\n    margin-top: 6px;\n  }\n<\/style>\n\n<b>Ce que vous devez apporter<\/b>\n<div class=\"spacer-small\"><\/div>\n<ul class=\"no-indent\">\n \t<li>Un dipl\u00f4me d&rsquo;ing\u00e9nieur (par exemple, g\u00e9nie m\u00e9canique, g\u00e9nie \u00e9lectrique, g\u00e9nie industriel, etc.)<\/li>\n \t<li>Vous n&rsquo;avez pas fait d&rsquo;\u00e9tudes ? Vous pouvez \u00e9galement postuler si vous avez une formation professionnelle dans le domaine technique et de l&rsquo;exp\u00e9rience professionnelle. <\/li>\n \t<li>Compr\u00e9hension technique et esprit d&rsquo;entreprise<\/li>\n \t<li>Id\u00e9alement, premi\u00e8re exp\u00e9rience dans le conseil, la conception ou la fabrication<\/li>\n \t<li>Aimer r\u00e9soudre des probl\u00e8mes, faire avancer des projets et c\u00e9l\u00e9brer des succ\u00e8s communs en \u00e9quipe.<\/li>\n<\/ul>\t\t\t\t\t\t\t\t<\/div>\n\t\t\t\t<\/div>\n\t\t\t\t<div class=\"elementor-element elementor-element-3807aa1 elementor-widget elementor-widget-text-editor\" data-id=\"3807aa1\" data-element_type=\"widget\" data-e-type=\"widget\" data-widget_type=\"text-editor.default\">\n\t\t\t\t<div class=\"elementor-widget-container\">\n\t\t\t\t\t\t\t\t\t<p><b>Pourquoi BERODE<\/b><\/p><p>Parce que chez nous, vous ne vous arr\u00eatez pas. Nous vous offrons un espace pour vous d\u00e9velopper professionnellement et personnellement avec de vrais projets, des responsabilit\u00e9s d\u00e8s le premier jour et des perspectives claires pour votre carri\u00e8re. Au lieu d&rsquo;un simple travail conceptuel, nous mettons en \u0153uvre des solutions dans la r\u00e9alit\u00e9, ensemble au sein d&rsquo;une \u00e9quipe avec une v\u00e9ritable mentalit\u00e9 de faiseur et un soutien mutuel. Vous voulez un emploi avec des perspectives, dans lequel vous cr\u00e9ez un v\u00e9ritable impact ? Alors vous \u00eates \u00e0 la bonne adresse chez BERODE.    <\/p>\t\t\t\t\t\t\t\t<\/div>\n\t\t\t\t<\/div>\n\t\t\t\t<div class=\"elementor-element elementor-element-d455eb2 elementor-widget elementor-widget-button\" data-id=\"d455eb2\" data-element_type=\"widget\" data-e-type=\"widget\" data-widget_type=\"button.default\">\n\t\t\t\t<div class=\"elementor-widget-container\">\n\t\t\t\t\t\t\t\t\t<div class=\"elementor-button-wrapper\">\n\t\t\t\t\t<a class=\"elementor-button elementor-button-link elementor-size-sm\" href=\"https:\/\/www.berode.com\/fr\/contact\/\">\n\t\t\t\t\t\t<span class=\"elementor-button-content-wrapper\">\n\t\t\t\t\t\t\t\t\t<span class=\"elementor-button-text\">Postuler maintenant<\/span>\n\t\t\t\t\t<\/span>\n\t\t\t\t\t<\/a>\n\t\t\t\t<\/div>\n\t\t\t\t\t\t\t\t<\/div>\n\t\t\t\t<\/div>\n\t\t\t\t<div class=\"elementor-element elementor-element-c83bc9a elementor-widget elementor-widget-html\" data-id=\"c83bc9a\" data-element_type=\"widget\" data-e-type=\"widget\" data-widget_type=\"html.default\">\n\t\t\t\t<div class=\"elementor-widget-container\">\n\t\t\t\t\t<style>\r\n  .zurueck-link {\r\n    color: #ba1f22;\r\n    text-decoration: none;\r\n    font-weight: 500;\r\n    transition: color 0.2s ease;\r\n  }\r\n\r\n  .zurueck-link:hover {\r\n    color: #3e3635;\r\n  }\r\n<\/style>\r\n\r\n<a href=\"https:\/\/www.berode.com\/fr\/carriere\/#berater\" class=\"zurueck-link\">\r\n  <i class=\"fas fa-arrow-left\" style=\"margin-right: 6px;\"><\/i>Retour\r\n<\/a>\t\t\t\t<\/div>\n\t\t\t\t<\/div>\n\t\t\t\t<\/div>\n\t\t\t\t\t<\/div>\n\t\t\t\t<\/div>\n\t\t\t\t<\/div>\n\t\t","protected":false},"excerpt":{"rendered":"<p>Postes \u00e0 pourvoir Ing\u00e9nieurs-conseils Nous recherchons : Ing\u00e9nieurs (h\/f\/x) en tant que consultants Vous ne voulez pas seulement d\u00e9velopper en th\u00e9orie, mais changer en pratique ? Chez BERODE, tu combines savoir-faire technique et conseil strat\u00e9gique pour transformer tes id\u00e9es en v\u00e9ritables succ\u00e8s. Ce qui vous attend chez nous Vous analysez les produits, les processus et [&hellip;]<\/p>\n","protected":false},"author":1,"featured_media":0,"parent":0,"menu_order":0,"comment_status":"closed","ping_status":"closed","template":"","meta":{"site-sidebar-layout":"no-sidebar","site-content-layout":"page-builder","ast-site-content-layout":"full-width-container","site-content-style":"unboxed","site-sidebar-style":"unboxed","ast-global-header-display":"","ast-banner-title-visibility":"","ast-main-header-display":"","ast-hfb-above-header-display":"","ast-hfb-below-header-display":"","ast-hfb-mobile-header-display":"","site-post-title":"disabled","ast-breadcrumbs-content":"disabled","ast-featured-img":"disabled","footer-sml-layout":"","theme-transparent-header-meta":"enabled","adv-header-id-meta":"","stick-header-meta":"","header-above-stick-meta":"","header-main-stick-meta":"","header-below-stick-meta":"","astra-migrate-meta-layouts":"default","ast-page-background-enabled":"default","ast-page-background-meta":{"desktop":{"background-color":"var(--ast-global-color-4)","background-image":"","background-repeat":"repeat","background-position":"center center","background-size":"auto","background-attachment":"scroll","background-type":"","background-media":"","overlay-type":"","overlay-color":"","overlay-opacity":"","overlay-gradient":""},"tablet":{"background-color":"","background-image":"","background-repeat":"repeat","background-position":"center center","background-size":"auto","background-attachment":"scroll","background-type":"","background-media":"","overlay-type":"","overlay-color":"","overlay-opacity":"","overlay-gradient":""},"mobile":{"background-color":"","background-image":"","background-repeat":"repeat","background-position":"center center","background-size":"auto","background-attachment":"scroll","background-type":"","background-media":"","overlay-type":"","overlay-color":"","overlay-opacity":"","overlay-gradient":""}},"ast-content-background-meta":{"desktop":{"background-color":"var(--ast-global-color-5)","background-image":"","background-repeat":"repeat","background-position":"center center","background-size":"auto","background-attachment":"scroll","background-type":"","background-media":"","overlay-type":"","overlay-color":"","overlay-opacity":"","overlay-gradient":""},"tablet":{"background-color":"var(--ast-global-color-5)","background-image":"","background-repeat":"repeat","background-position":"center center","background-size":"auto","background-attachment":"scroll","background-type":"","background-media":"","overlay-type":"","overlay-color":"","overlay-opacity":"","overlay-gradient":""},"mobile":{"background-color":"var(--ast-global-color-5)","background-image":"","background-repeat":"repeat","background-position":"center center","background-size":"auto","background-attachment":"scroll","background-type":"","background-media":"","overlay-type":"","overlay-color":"","overlay-opacity":"","overlay-gradient":""}},"footnotes":""},"class_list":["post-4975","page","type-page","status-publish","hentry"],"_links":{"self":[{"href":"https:\/\/www.berode.com\/fr\/wp-json\/wp\/v2\/pages\/4975","targetHints":{"allow":["GET"]}}],"collection":[{"href":"https:\/\/www.berode.com\/fr\/wp-json\/wp\/v2\/pages"}],"about":[{"href":"https:\/\/www.berode.com\/fr\/wp-json\/wp\/v2\/types\/page"}],"author":[{"embeddable":true,"href":"https:\/\/www.berode.com\/fr\/wp-json\/wp\/v2\/users\/1"}],"replies":[{"embeddable":true,"href":"https:\/\/www.berode.com\/fr\/wp-json\/wp\/v2\/comments?post=4975"}],"version-history":[{"count":3,"href":"https:\/\/www.berode.com\/fr\/wp-json\/wp\/v2\/pages\/4975\/revisions"}],"predecessor-version":[{"id":5105,"href":"https:\/\/www.berode.com\/fr\/wp-json\/wp\/v2\/pages\/4975\/revisions\/5105"}],"wp:attachment":[{"href":"https:\/\/www.berode.com\/fr\/wp-json\/wp\/v2\/media?parent=4975"}],"curies":[{"name":"wp","href":"https:\/\/api.w.org\/{rel}","templated":true}]}}