{"id":5021,"date":"2025-06-23T15:38:24","date_gmt":"2025-06-23T13:38:24","guid":{"rendered":"https:\/\/www.berode.com\/directeur_technique\/"},"modified":"2025-07-17T10:58:10","modified_gmt":"2025-07-17T08:58:10","slug":"directeur_technique","status":"publish","type":"page","link":"https:\/\/www.berode.com\/fr\/directeur_technique\/","title":{"rendered":"Directeur_technique"},"content":{"rendered":"\t\t<div data-elementor-type=\"wp-page\" data-elementor-id=\"5021\" class=\"elementor elementor-5021 elementor-2120\">\n\t\t\t\t<div class=\"elementor-element elementor-element-19b8c8c e-flex e-con-boxed e-con e-parent\" data-id=\"19b8c8c\" data-element_type=\"container\" data-e-type=\"container\" data-settings=\"{&quot;background_background&quot;:&quot;classic&quot;}\">\n\t\t\t\t\t<div class=\"e-con-inner\">\n\t\t<div class=\"elementor-element elementor-element-372848a e-con-full e-flex e-con e-child\" data-id=\"372848a\" data-element_type=\"container\" data-e-type=\"container\">\n\t\t\t\t<div class=\"elementor-element elementor-element-0ccf104 elementor-widget elementor-widget-heading\" data-id=\"0ccf104\" data-element_type=\"widget\" data-e-type=\"widget\" data-widget_type=\"heading.default\">\n\t\t\t\t<div class=\"elementor-widget-container\">\n\t\t\t\t\t<h1 class=\"elementor-heading-title elementor-size-default\">Postes \u00e0 pourvoir<\/h1>\t\t\t\t<\/div>\n\t\t\t\t<\/div>\n\t\t\t\t<\/div>\n\t\t\t\t\t<\/div>\n\t\t\t\t<\/div>\n\t\t<div class=\"elementor-element elementor-element-8338255 e-flex e-con-boxed e-con e-parent\" data-id=\"8338255\" data-element_type=\"container\" data-e-type=\"container\" data-settings=\"{&quot;background_background&quot;:&quot;classic&quot;}\">\n\t\t\t\t\t<div class=\"e-con-inner\">\n\t\t<div class=\"elementor-element elementor-element-87eb59b e-con-full e-flex e-con e-child\" data-id=\"87eb59b\" data-element_type=\"container\" data-e-type=\"container\">\n\t\t\t\t<div class=\"elementor-element elementor-element-23ce037 elementor-widget elementor-widget-heading\" data-id=\"23ce037\" data-element_type=\"widget\" data-e-type=\"widget\" data-widget_type=\"heading.default\">\n\t\t\t\t<div class=\"elementor-widget-container\">\n\t\t\t\t\t<h2 class=\"elementor-heading-title elementor-size-default\">Directeur technique<\/h2>\t\t\t\t<\/div>\n\t\t\t\t<\/div>\n\t\t\t\t<div class=\"elementor-element elementor-element-35ebd54 elementor-widget elementor-widget-text-editor\" data-id=\"35ebd54\" data-element_type=\"widget\" data-e-type=\"widget\" data-widget_type=\"text-editor.default\">\n\t\t\t\t<div class=\"elementor-widget-container\">\n\t\t\t\t\t\t\t\t\t<p>Nous sommes \u00e0 la recherche d&rsquo;un responsable technique motiv\u00e9 pour notre unit\u00e9 de fabrication sp\u00e9cialis\u00e9e dans le travail des m\u00e9taux.<\/p>\t\t\t\t\t\t\t\t<\/div>\n\t\t\t\t<\/div>\n\t\t\t\t<div class=\"elementor-element elementor-element-74abf08 elementor-widget elementor-widget-text-editor\" data-id=\"74abf08\" data-element_type=\"widget\" data-e-type=\"widget\" data-widget_type=\"text-editor.default\">\n\t\t\t\t<div class=\"elementor-widget-container\">\n\t\t\t\t\t\t\t\t\t<p><span style=\"font-style: inherit; font-weight: inherit; text-align: var(--text-align); background-color: var( --e-global-color-astglobalcolor5 ); color: var(--ast-global-color-3);\">Vos t\u00e2ches :<\/span><\/p><ul><li>Organisation des activit\u00e9s quotidiennes de la production<\/li><li>Encadrement technique et coordination des collaborateurs<\/li><li>Responsabilit\u00e9 de la pr\u00e9paration du travail, du planning et de la qualit\u00e9<\/li><li>Participation \u00e0 l&rsquo;am\u00e9lioration et au d\u00e9veloppement continus<\/li><\/ul><p>Votre profil :<\/p><ul><li>Formation achev\u00e9e de m\u00e9canicien industriel, d&rsquo;ajusteur de machines, de m\u00e9canicien d&rsquo;usinage ou similaire<\/li><li>Plusieurs ann\u00e9es d&rsquo;exp\u00e9rience dans la fabrication, id\u00e9alement avec des responsabilit\u00e9s de gestion<\/li><li>Travail autonome, structur\u00e9 et consciencieux<\/li><li>Capacit\u00e9 \u00e0 travailler en \u00e9quipe, \u00e0 s&rsquo;imposer et \u00e0 prendre des responsabilit\u00e9s.<\/li><\/ul><p>Nous offrons :<\/p><ul><li>Un poste \u00e0 responsabilit\u00e9s avec des activit\u00e9s vari\u00e9es et des possibilit\u00e9s d&rsquo;\u00e9volution<\/li><li>Un environnement coll\u00e9gial avec des voies d\u00e9cisionnelles courtes<\/li><li>Perspectives \u00e0 long terme dans une entreprise de proximit\u00e9 g\u00e9r\u00e9e par ses propri\u00e9taires<\/li><\/ul>\t\t\t\t\t\t\t\t<\/div>\n\t\t\t\t<\/div>\n\t\t\t\t<div class=\"elementor-element elementor-element-d455eb2 elementor-widget elementor-widget-button\" data-id=\"d455eb2\" data-element_type=\"widget\" data-e-type=\"widget\" data-widget_type=\"button.default\">\n\t\t\t\t<div class=\"elementor-widget-container\">\n\t\t\t\t\t\t\t\t\t<div class=\"elementor-button-wrapper\">\n\t\t\t\t\t<a class=\"elementor-button elementor-button-link elementor-size-sm\" href=\"https:\/\/www.berode.com\/fr\/contact\/\">\n\t\t\t\t\t\t<span class=\"elementor-button-content-wrapper\">\n\t\t\t\t\t\t\t\t\t<span class=\"elementor-button-text\">Postuler maintenant<\/span>\n\t\t\t\t\t<\/span>\n\t\t\t\t\t<\/a>\n\t\t\t\t<\/div>\n\t\t\t\t\t\t\t\t<\/div>\n\t\t\t\t<\/div>\n\t\t\t\t<div class=\"elementor-element elementor-element-c83bc9a elementor-widget elementor-widget-html\" data-id=\"c83bc9a\" data-element_type=\"widget\" data-e-type=\"widget\" data-widget_type=\"html.default\">\n\t\t\t\t<div class=\"elementor-widget-container\">\n\t\t\t\t\t<style>\r\n  .zurueck-link {\r\n    color: #ba1f22;\r\n    text-decoration: none;\r\n    font-weight: 500;\r\n    transition: color 0.2s ease;\r\n  }\r\n\r\n  .zurueck-link:hover {\r\n    color: #3e3635;\r\n  }\r\n<\/style>\r\n\r\n<a href=\"https:\/\/www.berode.com\/fr\/carriere\/#tl\" class=\"zurueck-link\">\r\n  <i class=\"fas fa-arrow-left\" style=\"margin-right: 6px;\"><\/i>Retour\r\n<\/a>\t\t\t\t<\/div>\n\t\t\t\t<\/div>\n\t\t\t\t<\/div>\n\t\t\t\t\t<\/div>\n\t\t\t\t<\/div>\n\t\t\t\t<\/div>\n\t\t","protected":false},"excerpt":{"rendered":"<p>Postes \u00e0 pourvoir Directeur technique Nous sommes \u00e0 la recherche d&rsquo;un responsable technique motiv\u00e9 pour notre unit\u00e9 de fabrication sp\u00e9cialis\u00e9e dans le travail des m\u00e9taux. Vos t\u00e2ches : Organisation des activit\u00e9s quotidiennes de la production Encadrement technique et coordination des collaborateurs Responsabilit\u00e9 de la pr\u00e9paration du travail, du planning et de la qualit\u00e9 Participation \u00e0 [&hellip;]<\/p>\n","protected":false},"author":1,"featured_media":0,"parent":0,"menu_order":0,"comment_status":"closed","ping_status":"closed","template":"","meta":{"site-sidebar-layout":"no-sidebar","site-content-layout":"page-builder","ast-site-content-layout":"full-width-container","site-content-style":"unboxed","site-sidebar-style":"unboxed","ast-global-header-display":"","ast-banner-title-visibility":"","ast-main-header-display":"","ast-hfb-above-header-display":"","ast-hfb-below-header-display":"","ast-hfb-mobile-header-display":"","site-post-title":"disabled","ast-breadcrumbs-content":"disabled","ast-featured-img":"disabled","footer-sml-layout":"","theme-transparent-header-meta":"enabled","adv-header-id-meta":"","stick-header-meta":"","header-above-stick-meta":"","header-main-stick-meta":"","header-below-stick-meta":"","astra-migrate-meta-layouts":"default","ast-page-background-enabled":"default","ast-page-background-meta":{"desktop":{"background-color":"var(--ast-global-color-4)","background-image":"","background-repeat":"repeat","background-position":"center center","background-size":"auto","background-attachment":"scroll","background-type":"","background-media":"","overlay-type":"","overlay-color":"","overlay-opacity":"","overlay-gradient":""},"tablet":{"background-color":"","background-image":"","background-repeat":"repeat","background-position":"center center","background-size":"auto","background-attachment":"scroll","background-type":"","background-media":"","overlay-type":"","overlay-color":"","overlay-opacity":"","overlay-gradient":""},"mobile":{"background-color":"","background-image":"","background-repeat":"repeat","background-position":"center center","background-size":"auto","background-attachment":"scroll","background-type":"","background-media":"","overlay-type":"","overlay-color":"","overlay-opacity":"","overlay-gradient":""}},"ast-content-background-meta":{"desktop":{"background-color":"var(--ast-global-color-5)","background-image":"","background-repeat":"repeat","background-position":"center center","background-size":"auto","background-attachment":"scroll","background-type":"","background-media":"","overlay-type":"","overlay-color":"","overlay-opacity":"","overlay-gradient":""},"tablet":{"background-color":"var(--ast-global-color-5)","background-image":"","background-repeat":"repeat","background-position":"center center","background-size":"auto","background-attachment":"scroll","background-type":"","background-media":"","overlay-type":"","overlay-color":"","overlay-opacity":"","overlay-gradient":""},"mobile":{"background-color":"var(--ast-global-color-5)","background-image":"","background-repeat":"repeat","background-position":"center center","background-size":"auto","background-attachment":"scroll","background-type":"","background-media":"","overlay-type":"","overlay-color":"","overlay-opacity":"","overlay-gradient":""}},"footnotes":""},"class_list":["post-5021","page","type-page","status-publish","hentry"],"_links":{"self":[{"href":"https:\/\/www.berode.com\/fr\/wp-json\/wp\/v2\/pages\/5021","targetHints":{"allow":["GET"]}}],"collection":[{"href":"https:\/\/www.berode.com\/fr\/wp-json\/wp\/v2\/pages"}],"about":[{"href":"https:\/\/www.berode.com\/fr\/wp-json\/wp\/v2\/types\/page"}],"author":[{"embeddable":true,"href":"https:\/\/www.berode.com\/fr\/wp-json\/wp\/v2\/users\/1"}],"replies":[{"embeddable":true,"href":"https:\/\/www.berode.com\/fr\/wp-json\/wp\/v2\/comments?post=5021"}],"version-history":[{"count":2,"href":"https:\/\/www.berode.com\/fr\/wp-json\/wp\/v2\/pages\/5021\/revisions"}],"predecessor-version":[{"id":5183,"href":"https:\/\/www.berode.com\/fr\/wp-json\/wp\/v2\/pages\/5021\/revisions\/5183"}],"wp:attachment":[{"href":"https:\/\/www.berode.com\/fr\/wp-json\/wp\/v2\/media?parent=5021"}],"curies":[{"name":"wp","href":"https:\/\/api.w.org\/{rel}","templated":true}]}}