{"id":5023,"date":"2025-07-11T09:06:55","date_gmt":"2025-07-11T07:06:55","guid":{"rendered":"https:\/\/www.berode.com\/ref_tadano\/"},"modified":"2025-07-17T10:57:02","modified_gmt":"2025-07-17T08:57:02","slug":"ref_tadano","status":"publish","type":"page","link":"https:\/\/www.berode.com\/fr\/ref_tadano\/","title":{"rendered":"Ref_Tadano"},"content":{"rendered":"\t\t<div data-elementor-type=\"wp-page\" data-elementor-id=\"5023\" class=\"elementor elementor-5023 elementor-3084\">\n\t\t\t\t<div class=\"elementor-element elementor-element-3171ccb e-con-full e-flex e-con e-parent\" data-id=\"3171ccb\" data-element_type=\"container\" data-e-type=\"container\" data-settings=\"{&quot;background_background&quot;:&quot;classic&quot;}\">\n\t\t\t\t<\/div>\n\t\t<div class=\"elementor-element elementor-element-8338255 e-flex e-con-boxed e-con e-parent\" data-id=\"8338255\" data-element_type=\"container\" data-e-type=\"container\" data-settings=\"{&quot;background_background&quot;:&quot;classic&quot;}\">\n\t\t\t\t\t<div class=\"e-con-inner\">\n\t\t<div class=\"elementor-element elementor-element-87eb59b e-con-full e-flex e-con e-child\" data-id=\"87eb59b\" data-element_type=\"container\" data-e-type=\"container\">\n\t\t\t\t<div class=\"elementor-element elementor-element-23ce037 elementor-widget elementor-widget-heading\" data-id=\"23ce037\" data-element_type=\"widget\" data-e-type=\"widget\" data-widget_type=\"heading.default\">\n\t\t\t\t<div class=\"elementor-widget-container\">\n\t\t\t\t\t<h2 class=\"elementor-heading-title elementor-size-default\">Tadano Faun<\/h2>\t\t\t\t<\/div>\n\t\t\t\t<\/div>\n\t\t\t\t<div class=\"elementor-element elementor-element-74abf08 elementor-widget elementor-widget-text-editor\" data-id=\"74abf08\" data-element_type=\"widget\" data-e-type=\"widget\" data-widget_type=\"text-editor.default\">\n\t\t\t\t<div class=\"elementor-widget-container\">\n\t\t\t\t\t\t\t\t\t<h4>D\u00c9FI &amp; OBJECTIFS<\/h4><p>TADANO FAUN GmbH est leader dans le d\u00e9veloppement et la fabrication de grues tout-terrain, qui se distinguent par leur aptitude \u00e0 la conduite sur route et en tout-terrain, et produit \u00e9galement des grues sur camion. Au cours des derni\u00e8res d\u00e9cennies de son histoire, TADANO a produit et livr\u00e9 avec succ\u00e8s des \u00e9quipements de levage pour plus d&rsquo;un demi-million de v\u00e9hicules de levage. <\/p><p>Pour une s\u00e9rie de grues de la gamme tout-terrain, il fallait trouver des solutions pour une approche d&rsquo;optimisation de la construction afin de r\u00e9duire les co\u00fbts et le poids des car\u00e9nages et des capots.<\/p><p>Tadano voulait<\/p><ul><li>Transparence des co\u00fbts et calcul pr\u00e9alable des \u00e9conomies pr\u00e9vues<\/li><li>D\u00e9termination des \u00e9conomies potentielles concr\u00e8tes par la substitution de mat\u00e9riaux, la r\u00e9duction des variantes et l&rsquo;utilisation de nouvelles technologies.<\/li><li>Transfert de savoir-faire pour les employ\u00e9s de Tadano<\/li><\/ul><p> <\/p><h4>PROBL\u00c8ME &amp; SOLUTION<\/h4><p>Au d\u00e9but du projet, les sous-ensembles de l&rsquo;habillage de la tourelle ont \u00e9t\u00e9 analys\u00e9s, \u00e9valu\u00e9s en termes de co\u00fbts et les inducteurs de co\u00fbts ont \u00e9t\u00e9 identifi\u00e9s. Ensuite, les diff\u00e9rentes fonctions des sous-ensembles ont pu \u00eatre \u00e9labor\u00e9es et remises en question. Lors d&rsquo;ateliers cr\u00e9atifs communs, de nouvelles technologies et solutions fonctionnelles ont \u00e9t\u00e9 identifi\u00e9es et compar\u00e9es dans un encadr\u00e9 morphologique. Cela a permis de mettre en \u00e9vidence des combinaisons de solutions qui ont conduit \u00e0 une r\u00e9duction significative des co\u00fbts de fabrication.   <\/p><p>\u00ab\u00a0En outre, l&rsquo;\u00e9quipe de projet a \u00e9t\u00e9 inform\u00e9e de l&rsquo;approche et des nouvelles solutions \u00e0 apporter aux probl\u00e8mes de construction et les a \u00e9labor\u00e9es ensemble\u00a0\u00bb, explique <em>Stefan Altmann, responsable de la construction et du d\u00e9veloppement<\/em>. \u00ab\u00a0Nous avons appris \u00e0 conna\u00eetre BERODE en tant qu&rsquo;entreprise professionnelle qui, gr\u00e2ce \u00e0 son approche analytique bas\u00e9e sur une grande expertise, a \u00e9labor\u00e9 des propositions d&rsquo;am\u00e9lioration constructives rapides et cibl\u00e9es. Nos attentes ont \u00e9t\u00e9 plus que satisfaites\u00a0\u00bb. <\/p>\t\t\t\t\t\t\t\t<\/div>\n\t\t\t\t<\/div>\n\t\t\t\t<\/div>\n\t\t<div class=\"elementor-element elementor-element-f546638 e-con-full e-flex e-con e-child\" data-id=\"f546638\" data-element_type=\"container\" data-e-type=\"container\">\n\t\t\t\t<div class=\"elementor-element elementor-element-2ecf4f2 elementor-widget elementor-widget-html\" data-id=\"2ecf4f2\" data-element_type=\"widget\" data-e-type=\"widget\" data-widget_type=\"html.default\">\n\t\t\t\t<div class=\"elementor-widget-container\">\n\t\t\t\t\t<style>\r\n  .zurueck-link {\r\n    color: #ba1f22;\r\n    text-decoration: none;\r\n    font-weight: 500;\r\n    transition: color 0.2s ease;\r\n  }\r\n\r\n  .zurueck-link:hover {\r\n    color: #3e3635;\r\n  }\r\n<\/style>\r\n\r\n<a href=\"https:\/\/www.berode.com\/fr\/references\/\" class=\"zurueck-link\" onclick=\"sessionStorage.setItem('scrollTo', 'refl1')\">\r\n  <i class=\"fas fa-arrow-left\" style=\"margin-right: 6px;\"><\/i>Retour\r\n<\/a>\t\t\t\t<\/div>\n\t\t\t\t<\/div>\n\t\t\t\t<\/div>\n\t\t\t\t\t<\/div>\n\t\t\t\t<\/div>\n\t\t\t\t<\/div>\n\t\t","protected":false},"excerpt":{"rendered":"<p>Tadano Faun D\u00c9FI &amp; OBJECTIFS TADANO FAUN GmbH est leader dans le d\u00e9veloppement et la fabrication de grues tout-terrain, qui se distinguent par leur aptitude \u00e0 la conduite sur route et en tout-terrain, et produit \u00e9galement des grues sur camion. Au cours des derni\u00e8res d\u00e9cennies de son histoire, TADANO a produit et livr\u00e9 avec succ\u00e8s [&hellip;]<\/p>\n","protected":false},"author":1,"featured_media":0,"parent":0,"menu_order":0,"comment_status":"closed","ping_status":"closed","template":"","meta":{"site-sidebar-layout":"no-sidebar","site-content-layout":"page-builder","ast-site-content-layout":"full-width-container","site-content-style":"unboxed","site-sidebar-style":"unboxed","ast-global-header-display":"","ast-banner-title-visibility":"","ast-main-header-display":"","ast-hfb-above-header-display":"","ast-hfb-below-header-display":"","ast-hfb-mobile-header-display":"","site-post-title":"disabled","ast-breadcrumbs-content":"disabled","ast-featured-img":"disabled","footer-sml-layout":"","theme-transparent-header-meta":"enabled","adv-header-id-meta":"","stick-header-meta":"","header-above-stick-meta":"","header-main-stick-meta":"","header-below-stick-meta":"","astra-migrate-meta-layouts":"default","ast-page-background-enabled":"default","ast-page-background-meta":{"desktop":{"background-color":"var(--ast-global-color-4)","background-image":"","background-repeat":"repeat","background-position":"center center","background-size":"auto","background-attachment":"scroll","background-type":"","background-media":"","overlay-type":"","overlay-color":"","overlay-opacity":"","overlay-gradient":""},"tablet":{"background-color":"","background-image":"","background-repeat":"repeat","background-position":"center center","background-size":"auto","background-attachment":"scroll","background-type":"","background-media":"","overlay-type":"","overlay-color":"","overlay-opacity":"","overlay-gradient":""},"mobile":{"background-color":"","background-image":"","background-repeat":"repeat","background-position":"center center","background-size":"auto","background-attachment":"scroll","background-type":"","background-media":"","overlay-type":"","overlay-color":"","overlay-opacity":"","overlay-gradient":""}},"ast-content-background-meta":{"desktop":{"background-color":"var(--ast-global-color-5)","background-image":"","background-repeat":"repeat","background-position":"center center","background-size":"auto","background-attachment":"scroll","background-type":"","background-media":"","overlay-type":"","overlay-color":"","overlay-opacity":"","overlay-gradient":""},"tablet":{"background-color":"var(--ast-global-color-5)","background-image":"","background-repeat":"repeat","background-position":"center center","background-size":"auto","background-attachment":"scroll","background-type":"","background-media":"","overlay-type":"","overlay-color":"","overlay-opacity":"","overlay-gradient":""},"mobile":{"background-color":"var(--ast-global-color-5)","background-image":"","background-repeat":"repeat","background-position":"center center","background-size":"auto","background-attachment":"scroll","background-type":"","background-media":"","overlay-type":"","overlay-color":"","overlay-opacity":"","overlay-gradient":""}},"footnotes":""},"class_list":["post-5023","page","type-page","status-publish","hentry"],"_links":{"self":[{"href":"https:\/\/www.berode.com\/fr\/wp-json\/wp\/v2\/pages\/5023","targetHints":{"allow":["GET"]}}],"collection":[{"href":"https:\/\/www.berode.com\/fr\/wp-json\/wp\/v2\/pages"}],"about":[{"href":"https:\/\/www.berode.com\/fr\/wp-json\/wp\/v2\/types\/page"}],"author":[{"embeddable":true,"href":"https:\/\/www.berode.com\/fr\/wp-json\/wp\/v2\/users\/1"}],"replies":[{"embeddable":true,"href":"https:\/\/www.berode.com\/fr\/wp-json\/wp\/v2\/comments?post=5023"}],"version-history":[{"count":2,"href":"https:\/\/www.berode.com\/fr\/wp-json\/wp\/v2\/pages\/5023\/revisions"}],"predecessor-version":[{"id":5173,"href":"https:\/\/www.berode.com\/fr\/wp-json\/wp\/v2\/pages\/5023\/revisions\/5173"}],"wp:attachment":[{"href":"https:\/\/www.berode.com\/fr\/wp-json\/wp\/v2\/media?parent=5023"}],"curies":[{"name":"wp","href":"https:\/\/api.w.org\/{rel}","templated":true}]}}