{"id":5025,"date":"2025-07-10T16:36:23","date_gmt":"2025-07-10T14:36:23","guid":{"rendered":"https:\/\/www.berode.com\/ref_jenoptik\/"},"modified":"2025-07-17T10:56:05","modified_gmt":"2025-07-17T08:56:05","slug":"ref_jenoptik","status":"publish","type":"page","link":"https:\/\/www.berode.com\/fr\/ref_jenoptik\/","title":{"rendered":"Ref_Jenoptik"},"content":{"rendered":"\t\t<div data-elementor-type=\"wp-page\" data-elementor-id=\"5025\" class=\"elementor elementor-5025 elementor-2994\">\n\t\t\t\t<div class=\"elementor-element elementor-element-3171ccb e-con-full e-flex e-con e-parent\" data-id=\"3171ccb\" data-element_type=\"container\" data-e-type=\"container\" data-settings=\"{&quot;background_background&quot;:&quot;classic&quot;}\">\n\t\t\t\t<\/div>\n\t\t<div class=\"elementor-element elementor-element-8338255 e-flex e-con-boxed e-con e-parent\" data-id=\"8338255\" data-element_type=\"container\" data-e-type=\"container\" data-settings=\"{&quot;background_background&quot;:&quot;classic&quot;}\">\n\t\t\t\t\t<div class=\"e-con-inner\">\n\t\t<div class=\"elementor-element elementor-element-87eb59b e-con-full e-flex e-con e-child\" data-id=\"87eb59b\" data-element_type=\"container\" data-e-type=\"container\">\n\t\t\t\t<div class=\"elementor-element elementor-element-23ce037 elementor-widget elementor-widget-heading\" data-id=\"23ce037\" data-element_type=\"widget\" data-e-type=\"widget\" data-widget_type=\"heading.default\">\n\t\t\t\t<div class=\"elementor-widget-container\">\n\t\t\t\t\t<h2 class=\"elementor-heading-title elementor-size-default\">Jenoptik<\/h2>\t\t\t\t<\/div>\n\t\t\t\t<\/div>\n\t\t\t\t<div class=\"elementor-element elementor-element-74abf08 elementor-widget elementor-widget-text-editor\" data-id=\"74abf08\" data-element_type=\"widget\" data-e-type=\"widget\" data-widget_type=\"text-editor.default\">\n\t\t\t\t<div class=\"elementor-widget-container\">\n\t\t\t\t\t\t\t\t\t<p>Afin d&rsquo;optimiser notre produit \u00ab\u00a0TraffiTower\u00a0\u00bb et de mieux le positionner sur le march\u00e9, nous avions lanc\u00e9 un appel d&rsquo;offres pour un projet de ReDesign-to-Cost. L&rsquo;objectif \u00e9tait d&rsquo;obtenir une visibilit\u00e9 sur les co\u00fbts de fabrication et, par cons\u00e9quent, d&rsquo;optimiser les co\u00fbts du TraffiTower, d&rsquo;am\u00e9liorer la qualit\u00e9 et la fiabilit\u00e9 du produit et de r\u00e9duire les besoins en maintenance.<\/p><p>Apr\u00e8s une exp\u00e9rience positive en amont, BERODE nous a de nouveau convaincus en proposant une approche globale du projet, en consid\u00e9rant les aspects de la conception, de l&rsquo;approvisionnement et de la fabrication.<\/p><p>La mise en \u0153uvre tr\u00e8s rigoureuse et r\u00e9ussie de ce projet a plus que r\u00e9pondu \u00e0 nos attentes. Non seulement l&rsquo;expertise des consultants de BERODE, mais aussi leurs id\u00e9es cr\u00e9atives nous ont vraiment aid\u00e9s.<\/p><p>Nous sommes tr\u00e8s satisfaits de la r\u00e9alisation, nous remercions pour la collaboration professionnelle et agr\u00e9able et nous nous r\u00e9jouissons d\u00e9j\u00e0 des projets futurs.<\/p><p> <\/p><p><em>Alexander Bauer, vice-pr\u00e9sident des op\u00e9rations mondiales<\/em><\/p><p><em>Ral<\/em><em>ph Engel, responsable mondial des achats<\/em><\/p>\t\t\t\t\t\t\t\t<\/div>\n\t\t\t\t<\/div>\n\t\t\t\t<\/div>\n\t\t<div class=\"elementor-element elementor-element-f546638 e-con-full e-flex e-con e-child\" data-id=\"f546638\" data-element_type=\"container\" data-e-type=\"container\">\n\t\t\t\t<div class=\"elementor-element elementor-element-2ecf4f2 elementor-widget elementor-widget-html\" data-id=\"2ecf4f2\" data-element_type=\"widget\" data-e-type=\"widget\" data-widget_type=\"html.default\">\n\t\t\t\t<div class=\"elementor-widget-container\">\n\t\t\t\t\t<style>\r\n  .zurueck-link {\r\n    color: #ba1f22;\r\n    text-decoration: none;\r\n    font-weight: 500;\r\n    transition: color 0.2s ease;\r\n  }\r\n\r\n  .zurueck-link:hover {\r\n    color: #3e3635;\r\n  }\r\n<\/style>\r\n\r\n<a href=\"https:\/\/www.berode.com\/fr\/references\/\" class=\"zurueck-link\" onclick=\"sessionStorage.setItem('scrollTo', 'refl1')\">\r\n  <i class=\"fas fa-arrow-left\" style=\"margin-right: 6px;\"><\/i>Retour\r\n<\/a>\t\t\t\t<\/div>\n\t\t\t\t<\/div>\n\t\t\t\t<\/div>\n\t\t\t\t\t<\/div>\n\t\t\t\t<\/div>\n\t\t\t\t<\/div>\n\t\t","protected":false},"excerpt":{"rendered":"<p>Jenoptik Afin d&rsquo;optimiser notre produit \u00ab\u00a0TraffiTower\u00a0\u00bb et de mieux le positionner sur le march\u00e9, nous avions lanc\u00e9 un appel d&rsquo;offres pour un projet de ReDesign-to-Cost. L&rsquo;objectif \u00e9tait d&rsquo;obtenir une visibilit\u00e9 sur les co\u00fbts de fabrication et, par cons\u00e9quent, d&rsquo;optimiser les co\u00fbts du TraffiTower, d&rsquo;am\u00e9liorer la qualit\u00e9 et la fiabilit\u00e9 du produit et de r\u00e9duire les [&hellip;]<\/p>\n","protected":false},"author":1,"featured_media":0,"parent":0,"menu_order":0,"comment_status":"closed","ping_status":"closed","template":"","meta":{"site-sidebar-layout":"no-sidebar","site-content-layout":"page-builder","ast-site-content-layout":"full-width-container","site-content-style":"unboxed","site-sidebar-style":"unboxed","ast-global-header-display":"","ast-banner-title-visibility":"","ast-main-header-display":"","ast-hfb-above-header-display":"","ast-hfb-below-header-display":"","ast-hfb-mobile-header-display":"","site-post-title":"disabled","ast-breadcrumbs-content":"disabled","ast-featured-img":"disabled","footer-sml-layout":"","theme-transparent-header-meta":"enabled","adv-header-id-meta":"","stick-header-meta":"","header-above-stick-meta":"","header-main-stick-meta":"","header-below-stick-meta":"","astra-migrate-meta-layouts":"default","ast-page-background-enabled":"default","ast-page-background-meta":{"desktop":{"background-color":"var(--ast-global-color-4)","background-image":"","background-repeat":"repeat","background-position":"center center","background-size":"auto","background-attachment":"scroll","background-type":"","background-media":"","overlay-type":"","overlay-color":"","overlay-opacity":"","overlay-gradient":""},"tablet":{"background-color":"","background-image":"","background-repeat":"repeat","background-position":"center center","background-size":"auto","background-attachment":"scroll","background-type":"","background-media":"","overlay-type":"","overlay-color":"","overlay-opacity":"","overlay-gradient":""},"mobile":{"background-color":"","background-image":"","background-repeat":"repeat","background-position":"center center","background-size":"auto","background-attachment":"scroll","background-type":"","background-media":"","overlay-type":"","overlay-color":"","overlay-opacity":"","overlay-gradient":""}},"ast-content-background-meta":{"desktop":{"background-color":"var(--ast-global-color-5)","background-image":"","background-repeat":"repeat","background-position":"center center","background-size":"auto","background-attachment":"scroll","background-type":"","background-media":"","overlay-type":"","overlay-color":"","overlay-opacity":"","overlay-gradient":""},"tablet":{"background-color":"var(--ast-global-color-5)","background-image":"","background-repeat":"repeat","background-position":"center center","background-size":"auto","background-attachment":"scroll","background-type":"","background-media":"","overlay-type":"","overlay-color":"","overlay-opacity":"","overlay-gradient":""},"mobile":{"background-color":"var(--ast-global-color-5)","background-image":"","background-repeat":"repeat","background-position":"center center","background-size":"auto","background-attachment":"scroll","background-type":"","background-media":"","overlay-type":"","overlay-color":"","overlay-opacity":"","overlay-gradient":""}},"footnotes":""},"class_list":["post-5025","page","type-page","status-publish","hentry"],"_links":{"self":[{"href":"https:\/\/www.berode.com\/fr\/wp-json\/wp\/v2\/pages\/5025","targetHints":{"allow":["GET"]}}],"collection":[{"href":"https:\/\/www.berode.com\/fr\/wp-json\/wp\/v2\/pages"}],"about":[{"href":"https:\/\/www.berode.com\/fr\/wp-json\/wp\/v2\/types\/page"}],"author":[{"embeddable":true,"href":"https:\/\/www.berode.com\/fr\/wp-json\/wp\/v2\/users\/1"}],"replies":[{"embeddable":true,"href":"https:\/\/www.berode.com\/fr\/wp-json\/wp\/v2\/comments?post=5025"}],"version-history":[{"count":2,"href":"https:\/\/www.berode.com\/fr\/wp-json\/wp\/v2\/pages\/5025\/revisions"}],"predecessor-version":[{"id":5165,"href":"https:\/\/www.berode.com\/fr\/wp-json\/wp\/v2\/pages\/5025\/revisions\/5165"}],"wp:attachment":[{"href":"https:\/\/www.berode.com\/fr\/wp-json\/wp\/v2\/media?parent=5025"}],"curies":[{"name":"wp","href":"https:\/\/api.w.org\/{rel}","templated":true}]}}