{"id":5033,"date":"2025-07-11T08:49:35","date_gmt":"2025-07-11T06:49:35","guid":{"rendered":"https:\/\/www.berode.com\/ref_claas\/"},"modified":"2025-07-17T10:55:45","modified_gmt":"2025-07-17T08:55:45","slug":"ref_claas","status":"publish","type":"page","link":"https:\/\/www.berode.com\/fr\/ref_claas\/","title":{"rendered":"Ref_Claas"},"content":{"rendered":"\t\t<div data-elementor-type=\"wp-page\" data-elementor-id=\"5033\" class=\"elementor elementor-5033 elementor-3047\">\n\t\t\t\t<div class=\"elementor-element elementor-element-3171ccb e-con-full e-flex e-con e-parent\" data-id=\"3171ccb\" data-element_type=\"container\" data-e-type=\"container\" data-settings=\"{&quot;background_background&quot;:&quot;classic&quot;}\">\n\t\t\t\t<\/div>\n\t\t<div class=\"elementor-element elementor-element-8338255 e-flex e-con-boxed e-con e-parent\" data-id=\"8338255\" data-element_type=\"container\" data-e-type=\"container\" data-settings=\"{&quot;background_background&quot;:&quot;classic&quot;}\">\n\t\t\t\t\t<div class=\"e-con-inner\">\n\t\t<div class=\"elementor-element elementor-element-87eb59b e-con-full e-flex e-con e-child\" data-id=\"87eb59b\" data-element_type=\"container\" data-e-type=\"container\">\n\t\t\t\t<div class=\"elementor-element elementor-element-23ce037 elementor-widget elementor-widget-heading\" data-id=\"23ce037\" data-element_type=\"widget\" data-e-type=\"widget\" data-widget_type=\"heading.default\">\n\t\t\t\t<div class=\"elementor-widget-container\">\n\t\t\t\t\t<h2 class=\"elementor-heading-title elementor-size-default\">Claas<\/h2>\t\t\t\t<\/div>\n\t\t\t\t<\/div>\n\t\t\t\t<div class=\"elementor-element elementor-element-74abf08 elementor-widget elementor-widget-text-editor\" data-id=\"74abf08\" data-element_type=\"widget\" data-e-type=\"widget\" data-widget_type=\"text-editor.default\">\n\t\t\t\t<div class=\"elementor-widget-container\">\n\t\t\t\t\t\t\t\t\t<p>Depuis pr\u00e8s de 10 ans, BERODE GmbH assiste le groupe Claas dans ses t\u00e2ches strat\u00e9giques et op\u00e9rationnelles dans le domaine de l&rsquo;optimisation des co\u00fbts, de l&rsquo;analyse de la valeur ou des prix cibles.<\/p><p>Gr\u00e2ce \u00e0 un tr\u00e8s bon savoir-faire pluridisciplinaire et \u00e0 une approche de la gestion de la valeur orient\u00e9e vers la mise en \u0153uvre et les r\u00e9sultats, les collaborateurs de BERODE ont acquis une tr\u00e8s grande acceptation en tant qu&rsquo;interlocuteurs comp\u00e9tents aussi bien dans les achats que dans la fabrication et la construction.<\/p><p>Gr\u00e2ce \u00e0 une collaboration de longue date, BERODE est devenu pour nous un partenaire de coop\u00e9ration important, qui conna\u00eet les exigences \u00e9lev\u00e9es de Claas et qui est donc en mesure de mener \u00e0 bien des projets strat\u00e9giques importants de mani\u00e8re efficace et r\u00e9ussie.<\/p><p> <\/p><p><em>R\u00fcdiger Mohr, Responsable des achats<\/em><\/p>\t\t\t\t\t\t\t\t<\/div>\n\t\t\t\t<\/div>\n\t\t\t\t<\/div>\n\t\t<div class=\"elementor-element elementor-element-f546638 e-con-full e-flex e-con e-child\" data-id=\"f546638\" data-element_type=\"container\" data-e-type=\"container\">\n\t\t\t\t<div class=\"elementor-element elementor-element-2ecf4f2 elementor-widget elementor-widget-html\" data-id=\"2ecf4f2\" data-element_type=\"widget\" data-e-type=\"widget\" data-widget_type=\"html.default\">\n\t\t\t\t<div class=\"elementor-widget-container\">\n\t\t\t\t\t<style>\r\n  .zurueck-link {\r\n    color: #ba1f22;\r\n    text-decoration: none;\r\n    font-weight: 500;\r\n    transition: color 0.2s ease;\r\n  }\r\n\r\n  .zurueck-link:hover {\r\n    color: #3e3635;\r\n  }\r\n<\/style>\r\n\r\n<a href=\"https:\/\/www.berode.com\/fr\/references\/\" class=\"zurueck-link\" onclick=\"sessionStorage.setItem('scrollTo', 'refl1')\">\r\n  <i class=\"fas fa-arrow-left\" style=\"margin-right: 6px;\"><\/i>Retour\r\n<\/a>\t\t\t\t<\/div>\n\t\t\t\t<\/div>\n\t\t\t\t<\/div>\n\t\t\t\t\t<\/div>\n\t\t\t\t<\/div>\n\t\t\t\t<\/div>\n\t\t","protected":false},"excerpt":{"rendered":"<p>Claas Depuis pr\u00e8s de 10 ans, BERODE GmbH assiste le groupe Claas dans ses t\u00e2ches strat\u00e9giques et op\u00e9rationnelles dans le domaine de l&rsquo;optimisation des co\u00fbts, de l&rsquo;analyse de la valeur ou des prix cibles. Gr\u00e2ce \u00e0 un tr\u00e8s bon savoir-faire pluridisciplinaire et \u00e0 une approche de la gestion de la valeur orient\u00e9e vers la mise [&hellip;]<\/p>\n","protected":false},"author":1,"featured_media":0,"parent":0,"menu_order":0,"comment_status":"closed","ping_status":"closed","template":"","meta":{"site-sidebar-layout":"no-sidebar","site-content-layout":"page-builder","ast-site-content-layout":"full-width-container","site-content-style":"unboxed","site-sidebar-style":"unboxed","ast-global-header-display":"","ast-banner-title-visibility":"","ast-main-header-display":"","ast-hfb-above-header-display":"","ast-hfb-below-header-display":"","ast-hfb-mobile-header-display":"","site-post-title":"disabled","ast-breadcrumbs-content":"disabled","ast-featured-img":"disabled","footer-sml-layout":"","theme-transparent-header-meta":"enabled","adv-header-id-meta":"","stick-header-meta":"","header-above-stick-meta":"","header-main-stick-meta":"","header-below-stick-meta":"","astra-migrate-meta-layouts":"default","ast-page-background-enabled":"default","ast-page-background-meta":{"desktop":{"background-color":"var(--ast-global-color-4)","background-image":"","background-repeat":"repeat","background-position":"center center","background-size":"auto","background-attachment":"scroll","background-type":"","background-media":"","overlay-type":"","overlay-color":"","overlay-opacity":"","overlay-gradient":""},"tablet":{"background-color":"","background-image":"","background-repeat":"repeat","background-position":"center center","background-size":"auto","background-attachment":"scroll","background-type":"","background-media":"","overlay-type":"","overlay-color":"","overlay-opacity":"","overlay-gradient":""},"mobile":{"background-color":"","background-image":"","background-repeat":"repeat","background-position":"center center","background-size":"auto","background-attachment":"scroll","background-type":"","background-media":"","overlay-type":"","overlay-color":"","overlay-opacity":"","overlay-gradient":""}},"ast-content-background-meta":{"desktop":{"background-color":"var(--ast-global-color-5)","background-image":"","background-repeat":"repeat","background-position":"center center","background-size":"auto","background-attachment":"scroll","background-type":"","background-media":"","overlay-type":"","overlay-color":"","overlay-opacity":"","overlay-gradient":""},"tablet":{"background-color":"var(--ast-global-color-5)","background-image":"","background-repeat":"repeat","background-position":"center center","background-size":"auto","background-attachment":"scroll","background-type":"","background-media":"","overlay-type":"","overlay-color":"","overlay-opacity":"","overlay-gradient":""},"mobile":{"background-color":"var(--ast-global-color-5)","background-image":"","background-repeat":"repeat","background-position":"center center","background-size":"auto","background-attachment":"scroll","background-type":"","background-media":"","overlay-type":"","overlay-color":"","overlay-opacity":"","overlay-gradient":""}},"footnotes":""},"class_list":["post-5033","page","type-page","status-publish","hentry"],"_links":{"self":[{"href":"https:\/\/www.berode.com\/fr\/wp-json\/wp\/v2\/pages\/5033","targetHints":{"allow":["GET"]}}],"collection":[{"href":"https:\/\/www.berode.com\/fr\/wp-json\/wp\/v2\/pages"}],"about":[{"href":"https:\/\/www.berode.com\/fr\/wp-json\/wp\/v2\/types\/page"}],"author":[{"embeddable":true,"href":"https:\/\/www.berode.com\/fr\/wp-json\/wp\/v2\/users\/1"}],"replies":[{"embeddable":true,"href":"https:\/\/www.berode.com\/fr\/wp-json\/wp\/v2\/comments?post=5033"}],"version-history":[{"count":2,"href":"https:\/\/www.berode.com\/fr\/wp-json\/wp\/v2\/pages\/5033\/revisions"}],"predecessor-version":[{"id":5160,"href":"https:\/\/www.berode.com\/fr\/wp-json\/wp\/v2\/pages\/5033\/revisions\/5160"}],"wp:attachment":[{"href":"https:\/\/www.berode.com\/fr\/wp-json\/wp\/v2\/media?parent=5033"}],"curies":[{"name":"wp","href":"https:\/\/api.w.org\/{rel}","templated":true}]}}