{"id":5037,"date":"2025-06-12T16:10:00","date_gmt":"2025-06-12T14:10:00","guid":{"rendered":"https:\/\/www.berode.com\/protection-des-donnees\/"},"modified":"2025-07-17T10:45:44","modified_gmt":"2025-07-17T08:45:44","slug":"protection-des-donnees","status":"publish","type":"page","link":"https:\/\/www.berode.com\/fr\/protection-des-donnees\/","title":{"rendered":"Protection des donn\u00e9es"},"content":{"rendered":"\t\t<div data-elementor-type=\"wp-page\" data-elementor-id=\"5037\" class=\"elementor elementor-5037 elementor-1220\">\n\t\t\t\t<div class=\"elementor-element elementor-element-19b8c8c e-flex e-con-boxed e-con e-parent\" data-id=\"19b8c8c\" data-element_type=\"container\" data-e-type=\"container\" data-settings=\"{&quot;background_background&quot;:&quot;classic&quot;}\">\n\t\t\t\t\t<div class=\"e-con-inner\">\n\t\t<div class=\"elementor-element elementor-element-372848a e-con-full e-flex e-con e-child\" data-id=\"372848a\" data-element_type=\"container\" data-e-type=\"container\">\n\t\t\t\t<div class=\"elementor-element elementor-element-0ccf104 elementor-widget elementor-widget-heading\" data-id=\"0ccf104\" data-element_type=\"widget\" data-e-type=\"widget\" data-widget_type=\"heading.default\">\n\t\t\t\t<div class=\"elementor-widget-container\">\n\t\t\t\t\t<h1 class=\"elementor-heading-title elementor-size-default\">Protection des donn\u00e9es<\/h1>\t\t\t\t<\/div>\n\t\t\t\t<\/div>\n\t\t\t\t<\/div>\n\t\t\t\t\t<\/div>\n\t\t\t\t<\/div>\n\t\t<div class=\"elementor-element elementor-element-8338255 e-flex e-con-boxed e-con e-parent\" data-id=\"8338255\" data-element_type=\"container\" data-e-type=\"container\" data-settings=\"{&quot;background_background&quot;:&quot;classic&quot;}\">\n\t\t\t\t\t<div class=\"e-con-inner\">\n\t\t<div class=\"elementor-element elementor-element-87eb59b e-con-full e-flex e-con e-child\" data-id=\"87eb59b\" data-element_type=\"container\" data-e-type=\"container\">\n\t\t\t\t<div class=\"elementor-element elementor-element-925cef2 elementor-widget elementor-widget-heading\" data-id=\"925cef2\" data-element_type=\"widget\" data-e-type=\"widget\" data-widget_type=\"heading.default\">\n\t\t\t\t<div class=\"elementor-widget-container\">\n\t\t\t\t\t<h2 class=\"elementor-heading-title elementor-size-default\">D\u00c9CLARATION DE CONFIDENTIALIT\u00c9<\/h2>\t\t\t\t<\/div>\n\t\t\t\t<\/div>\n\t\t<div class=\"elementor-element elementor-element-ff37769 e-con-full e-flex e-con e-child\" data-id=\"ff37769\" data-element_type=\"container\" data-e-type=\"container\">\n\t\t\t\t<div class=\"elementor-element elementor-element-6f2b7f8 elementor-widget elementor-widget-heading\" data-id=\"6f2b7f8\" data-element_type=\"widget\" data-e-type=\"widget\" data-widget_type=\"heading.default\">\n\t\t\t\t<div class=\"elementor-widget-container\">\n\t\t\t\t\t<h5 class=\"elementor-heading-title elementor-size-default\">1. Responsable<\/h5>\t\t\t\t<\/div>\n\t\t\t\t<\/div>\n\t\t\t\t<div class=\"elementor-element elementor-element-039ec2e elementor-widget elementor-widget-text-editor\" data-id=\"039ec2e\" data-element_type=\"widget\" data-e-type=\"widget\" data-widget_type=\"text-editor.default\">\n\t\t\t\t<div class=\"elementor-widget-container\">\n\t\t\t\t\t\t\t\t\t<p>BERODE GmbH<br>Apostelnstra\u00dfe 1-3<br>50667 K\u00f6ln<br>t\u00e9l. : +49 (0)221 277389 0<br>e-mail : info@berode.com<br>Repr\u00e9sent\u00e9 par : Achim Roesner<\/p>\t\t\t\t\t\t\t\t<\/div>\n\t\t\t\t<\/div>\n\t\t\t\t<\/div>\n\t\t<div class=\"elementor-element elementor-element-a0ad9a7 e-con-full e-flex e-con e-child\" data-id=\"a0ad9a7\" data-element_type=\"container\" data-e-type=\"container\">\n\t\t\t\t<div class=\"elementor-element elementor-element-181cefe elementor-widget elementor-widget-heading\" data-id=\"181cefe\" data-element_type=\"widget\" data-e-type=\"widget\" data-widget_type=\"heading.default\">\n\t\t\t\t<div class=\"elementor-widget-container\">\n\t\t\t\t\t<h5 class=\"elementor-heading-title elementor-size-default\">2) Remarques g\u00e9n\u00e9rales sur le traitement des donn\u00e9es<\/h5>\t\t\t\t<\/div>\n\t\t\t\t<\/div>\n\t\t\t\t<div class=\"elementor-element elementor-element-4df11be elementor-widget elementor-widget-text-editor\" data-id=\"4df11be\" data-element_type=\"widget\" data-e-type=\"widget\" data-widget_type=\"text-editor.default\">\n\t\t\t\t<div class=\"elementor-widget-container\">\n\t\t\t\t\t\t\t\t\t<p>Nous prenons la protection de vos donn\u00e9es personnelles tr\u00e8s au s\u00e9rieux. Nous traitons vos donn\u00e9es exclusivement dans le cadre des dispositions l\u00e9gales relatives \u00e0 la protection des donn\u00e9es, notamment le RGPD et la loi TTDSG.   <span style=\"font-style: inherit; font-weight: inherit; text-align: var(--text-align); background-color: var( --e-global-color-astglobalcolor5 ); color: var(--ast-global-color-3);\">La pr\u00e9sente d\u00e9claration de confidentialit\u00e9 vous informe sur la nature, l&rsquo;\u00e9tendue et la finalit\u00e9 du traitement des donn\u00e9es \u00e0 caract\u00e8re personnel sur notre site web.<\/span><\/p>\t\t\t\t\t\t\t\t<\/div>\n\t\t\t\t<\/div>\n\t\t\t\t<\/div>\n\t\t<div class=\"elementor-element elementor-element-bce4cc8 e-con-full e-flex e-con e-child\" data-id=\"bce4cc8\" data-element_type=\"container\" data-e-type=\"container\">\n\t\t\t\t<div class=\"elementor-element elementor-element-5cce9a1 elementor-widget elementor-widget-heading\" data-id=\"5cce9a1\" data-element_type=\"widget\" data-e-type=\"widget\" data-widget_type=\"heading.default\">\n\t\t\t\t<div class=\"elementor-widget-container\">\n\t\t\t\t\t<h5 class=\"elementor-heading-title elementor-size-default\">3. H\u00e9bergement et syst\u00e8me de gestion de contenu<\/h5>\t\t\t\t<\/div>\n\t\t\t\t<\/div>\n\t\t\t\t<div class=\"elementor-element elementor-element-7215672 elementor-widget elementor-widget-text-editor\" data-id=\"7215672\" data-element_type=\"widget\" data-e-type=\"widget\" data-widget_type=\"text-editor.default\">\n\t\t\t\t<div class=\"elementor-widget-container\">\n\t\t\t\t\t\t\t\t\t<p>Notre site web est g\u00e9r\u00e9 par WordPress. Dans ce cadre, des donn\u00e9es techniques telles que l&rsquo;adresse IP, le type de navigateur, le syst\u00e8me d&rsquo;exploitation ou les heures d&rsquo;acc\u00e8s peuvent \u00eatre trait\u00e9es automatiquement. <\/p>\t\t\t\t\t\t\t\t<\/div>\n\t\t\t\t<\/div>\n\t\t\t\t<\/div>\n\t\t<div class=\"elementor-element elementor-element-61ba7c4 e-con-full e-flex e-con e-child\" data-id=\"61ba7c4\" data-element_type=\"container\" data-e-type=\"container\">\n\t\t\t\t<div class=\"elementor-element elementor-element-7a593f4 elementor-widget elementor-widget-heading\" data-id=\"7a593f4\" data-element_type=\"widget\" data-e-type=\"widget\" data-widget_type=\"heading.default\">\n\t\t\t\t<div class=\"elementor-widget-container\">\n\t\t\t\t\t<h5 class=\"elementor-heading-title elementor-size-default\">4. Utilisation des cookies et de l'outil de consentement<\/h5>\t\t\t\t<\/div>\n\t\t\t\t<\/div>\n\t\t\t\t<div class=\"elementor-element elementor-element-d706439 elementor-widget elementor-widget-text-editor\" data-id=\"d706439\" data-element_type=\"widget\" data-e-type=\"widget\" data-widget_type=\"text-editor.default\">\n\t\t\t\t<div class=\"elementor-widget-container\">\n\t\t\t\t\t\t\t\t\t<p>Notre site Web utilise des cookies pour am\u00e9liorer la convivialit\u00e9 et analyser le comportement des utilisateurs.<br>Si vous voyez une banni\u00e8re de cookie lors de votre premi\u00e8re visite, le traitement est bas\u00e9 sur votre consentement conform\u00e9ment \u00e0 l&rsquo;article 6, paragraphe 1, point a) du RGPD.<br>Nous pla\u00e7ons des cookies techniquement n\u00e9cessaires sur la base de l&rsquo;article 6, paragraphe 1, point f) du RGPD (int\u00e9r\u00eat l\u00e9gitime).    <\/p>\t\t\t\t\t\t\t\t<\/div>\n\t\t\t\t<\/div>\n\t\t\t\t<\/div>\n\t\t<div class=\"elementor-element elementor-element-3e5e439 e-con-full e-flex e-con e-child\" data-id=\"3e5e439\" data-element_type=\"container\" data-e-type=\"container\">\n\t\t\t\t<div class=\"elementor-element elementor-element-dfc253b elementor-widget elementor-widget-heading\" data-id=\"dfc253b\" data-element_type=\"widget\" data-e-type=\"widget\" data-widget_type=\"heading.default\">\n\t\t\t\t<div class=\"elementor-widget-container\">\n\t\t\t\t\t<h5 class=\"elementor-heading-title elementor-size-default\">5. Google Analytics<\/h5>\t\t\t\t<\/div>\n\t\t\t\t<\/div>\n\t\t\t\t<div class=\"elementor-element elementor-element-5a8f097 elementor-widget elementor-widget-text-editor\" data-id=\"5a8f097\" data-element_type=\"widget\" data-e-type=\"widget\" data-widget_type=\"text-editor.default\">\n\t\t\t\t<div class=\"elementor-widget-container\">\n\t\t\t\t\t\t\t\t\t<p>Ce site utilise Google Analytics (Google Ireland Limited) pour l&rsquo;analyse statistique du comportement des utilisateurs.<br>Les adresses IP sont enregistr\u00e9es de mani\u00e8re anonyme (masquage IP).<br>Le transfert de donn\u00e9es vers les \u00c9tats-Unis est effectu\u00e9 sur la base d&rsquo;une d\u00e9cision d&rsquo;ad\u00e9quation conform\u00e9ment \u00e0 l&rsquo;article 45 du RGPD.<br>Base juridique : article 6, paragraphe 1, point a) du RGPD.  <\/p>\t\t\t\t\t\t\t\t<\/div>\n\t\t\t\t<\/div>\n\t\t\t\t<\/div>\n\t\t<div class=\"elementor-element elementor-element-e8055bc e-con-full e-flex e-con e-child\" data-id=\"e8055bc\" data-element_type=\"container\" data-e-type=\"container\">\n\t\t\t\t<div class=\"elementor-element elementor-element-addc4dc elementor-widget elementor-widget-heading\" data-id=\"addc4dc\" data-element_type=\"widget\" data-e-type=\"widget\" data-widget_type=\"heading.default\">\n\t\t\t\t<div class=\"elementor-widget-container\">\n\t\t\t\t\t<h5 class=\"elementor-heading-title elementor-size-default\">6. Google Maps<\/h5>\t\t\t\t<\/div>\n\t\t\t\t<\/div>\n\t\t\t\t<div class=\"elementor-element elementor-element-28a5f6d elementor-widget elementor-widget-text-editor\" data-id=\"28a5f6d\" data-element_type=\"widget\" data-e-type=\"widget\" data-widget_type=\"text-editor.default\">\n\t\t\t\t<div class=\"elementor-widget-container\">\n\t\t\t\t\t\t\t\t\t<p>Nous int\u00e9grons des cartes de Google Maps. Lors de la consultation, des donn\u00e9es personnelles (par exemple l&rsquo;adresse IP) peuvent \u00eatre transmises \u00e0 Google.<br>Base juridique : article 6, paragraphe 1, point a du RGPD (consentement).   <\/p>\t\t\t\t\t\t\t\t<\/div>\n\t\t\t\t<\/div>\n\t\t\t\t<\/div>\n\t\t<div class=\"elementor-element elementor-element-ce25b3e e-con-full e-flex e-con e-child\" data-id=\"ce25b3e\" data-element_type=\"container\" data-e-type=\"container\">\n\t\t\t\t<div class=\"elementor-element elementor-element-a89d3f9 elementor-widget elementor-widget-heading\" data-id=\"a89d3f9\" data-element_type=\"widget\" data-e-type=\"widget\" data-widget_type=\"heading.default\">\n\t\t\t\t<div class=\"elementor-widget-container\">\n\t\t\t\t\t<h5 class=\"elementor-heading-title elementor-size-default\">7. YouTube<\/h5>\t\t\t\t<\/div>\n\t\t\t\t<\/div>\n\t\t\t\t<div class=\"elementor-element elementor-element-8fadb5d elementor-widget elementor-widget-text-editor\" data-id=\"8fadb5d\" data-element_type=\"widget\" data-e-type=\"widget\" data-widget_type=\"text-editor.default\">\n\t\t\t\t<div class=\"elementor-widget-container\">\n\t\t\t\t\t\t\t\t\t<p>Les vid\u00e9os sont int\u00e9gr\u00e9es via la plateforme YouTube (mode de protection des donn\u00e9es \u00e9tendu activ\u00e9). Lors de la lecture, des donn\u00e9es utilisateur peuvent \u00eatre transmises \u00e0 YouTube\/Google.<br>Base juridique : article 6, paragraphe 1, point a du RGPD.   <\/p>\t\t\t\t\t\t\t\t<\/div>\n\t\t\t\t<\/div>\n\t\t\t\t<\/div>\n\t\t<div class=\"elementor-element elementor-element-1ad070d e-con-full e-flex e-con e-child\" data-id=\"1ad070d\" data-element_type=\"container\" data-e-type=\"container\">\n\t\t\t\t<div class=\"elementor-element elementor-element-f0a5d8e elementor-widget elementor-widget-heading\" data-id=\"f0a5d8e\" data-element_type=\"widget\" data-e-type=\"widget\" data-widget_type=\"heading.default\">\n\t\t\t\t<div class=\"elementor-widget-container\">\n\t\t\t\t\t<h5 class=\"elementor-heading-title elementor-size-default\">8. Les m\u00e9dias sociaux<\/h5>\t\t\t\t<\/div>\n\t\t\t\t<\/div>\n\t\t\t\t<div class=\"elementor-element elementor-element-5ab7356 elementor-widget elementor-widget-text-editor\" data-id=\"5ab7356\" data-element_type=\"widget\" data-e-type=\"widget\" data-widget_type=\"text-editor.default\">\n\t\t\t\t<div class=\"elementor-widget-container\">\n\t\t\t\t\t\t\t\t\t<p>Sur notre site web, des liens ou plugins vers des r\u00e9seaux sociaux sont int\u00e9gr\u00e9s (par ex. LinkedIn, Instagram, Facebook, X).<br>En cliquant sur le symbole respectif, vous quittez notre site web &#8211; la politique de protection des donn\u00e9es du fournisseur respectif s&rsquo;applique.<br>Une connexion aux serveurs des r\u00e9seaux peut parfois \u00eatre \u00e9tablie d\u00e8s le chargement de la page (en fonction de l&rsquo;int\u00e9gration technique).<\/p>\t\t\t\t\t\t\t\t<\/div>\n\t\t\t\t<\/div>\n\t\t\t\t<\/div>\n\t\t<div class=\"elementor-element elementor-element-e9aadd1 e-con-full e-flex e-con e-child\" data-id=\"e9aadd1\" data-element_type=\"container\" data-e-type=\"container\">\n\t\t\t\t<div class=\"elementor-element elementor-element-a002c5b elementor-widget elementor-widget-heading\" data-id=\"a002c5b\" data-element_type=\"widget\" data-e-type=\"widget\" data-widget_type=\"heading.default\">\n\t\t\t\t<div class=\"elementor-widget-container\">\n\t\t\t\t\t<h5 class=\"elementor-heading-title elementor-size-default\">9. Formulaire de contact<\/h5>\t\t\t\t<\/div>\n\t\t\t\t<\/div>\n\t\t\t\t<div class=\"elementor-element elementor-element-53167e3 elementor-widget elementor-widget-text-editor\" data-id=\"53167e3\" data-element_type=\"widget\" data-e-type=\"widget\" data-widget_type=\"text-editor.default\">\n\t\t\t\t<div class=\"elementor-widget-container\">\n\t\t\t\t\t\t\t\t\t<p>Si vous nous contactez via le formulaire, nous traitons les donn\u00e9es que vous avez fournies pour r\u00e9pondre \u00e0 votre demande.<br>Base juridique : article 6, paragraphe 1, point b ou f du RGPD.  <\/p>\t\t\t\t\t\t\t\t<\/div>\n\t\t\t\t<\/div>\n\t\t\t\t<\/div>\n\t\t<div class=\"elementor-element elementor-element-91d275f e-con-full e-flex e-con e-child\" data-id=\"91d275f\" data-element_type=\"container\" data-e-type=\"container\">\n\t\t\t\t<div class=\"elementor-element elementor-element-b554f7d elementor-widget elementor-widget-heading\" data-id=\"b554f7d\" data-element_type=\"widget\" data-e-type=\"widget\" data-widget_type=\"heading.default\">\n\t\t\t\t<div class=\"elementor-widget-container\">\n\t\t\t\t\t<h5 class=\"elementor-heading-title elementor-size-default\">10. Espace carri\u00e8re \/ candidatures<\/h5>\t\t\t\t<\/div>\n\t\t\t\t<\/div>\n\t\t\t\t<div class=\"elementor-element elementor-element-428868c elementor-widget elementor-widget-text-editor\" data-id=\"428868c\" data-element_type=\"widget\" data-e-type=\"widget\" data-widget_type=\"text-editor.default\">\n\t\t\t\t<div class=\"elementor-widget-container\">\n\t\t\t\t\t\t\t\t\t<p>Sur notre page Carri\u00e8res, vous pouvez postuler \u00e0 des postes vacants. Nous utilisons les donn\u00e9es envoy\u00e9es \u00e0 cette fin uniquement pour traiter votre candidature.<br>Base juridique : article 6, paragraphe 1, point b du RGPD ou article 26 de la loi f\u00e9d\u00e9rale sur la protection des donn\u00e9es.   <\/p>\t\t\t\t\t\t\t\t<\/div>\n\t\t\t\t<\/div>\n\t\t\t\t<\/div>\n\t\t<div class=\"elementor-element elementor-element-2cb09f6 e-con-full e-flex e-con e-child\" data-id=\"2cb09f6\" data-element_type=\"container\" data-e-type=\"container\">\n\t\t\t\t<div class=\"elementor-element elementor-element-685a8de elementor-widget elementor-widget-heading\" data-id=\"685a8de\" data-element_type=\"widget\" data-e-type=\"widget\" data-widget_type=\"heading.default\">\n\t\t\t\t<div class=\"elementor-widget-container\">\n\t\t\t\t\t<h5 class=\"elementor-heading-title elementor-size-default\">11. Dur\u00e9e de conservation<\/h5>\t\t\t\t<\/div>\n\t\t\t\t<\/div>\n\t\t\t\t<div class=\"elementor-element elementor-element-d51c8a4 elementor-widget elementor-widget-text-editor\" data-id=\"d51c8a4\" data-element_type=\"widget\" data-e-type=\"widget\" data-widget_type=\"text-editor.default\">\n\t\t\t\t<div class=\"elementor-widget-container\">\n\t\t\t\t\t\t\t\t\t<p>Nous ne conservons les donn\u00e9es \u00e0 caract\u00e8re personnel que pendant la dur\u00e9e n\u00e9cessaire \u00e0 la r\u00e9alisation de l&rsquo;objectif concern\u00e9 ou pendant la dur\u00e9e exig\u00e9e par la loi.<\/p>\t\t\t\t\t\t\t\t<\/div>\n\t\t\t\t<\/div>\n\t\t\t\t<\/div>\n\t\t<div class=\"elementor-element elementor-element-8c59ad0 e-con-full e-flex e-con e-child\" data-id=\"8c59ad0\" data-element_type=\"container\" data-e-type=\"container\">\n\t\t\t\t<div class=\"elementor-element elementor-element-e5d5adc elementor-widget elementor-widget-heading\" data-id=\"e5d5adc\" data-element_type=\"widget\" data-e-type=\"widget\" data-widget_type=\"heading.default\">\n\t\t\t\t<div class=\"elementor-widget-container\">\n\t\t\t\t\t<h5 class=\"elementor-heading-title elementor-size-default\">12. Vos droits<\/h5>\t\t\t\t<\/div>\n\t\t\t\t<\/div>\n\t\t\t\t<div class=\"elementor-element elementor-element-2f90368 elementor-widget elementor-widget-text-editor\" data-id=\"2f90368\" data-element_type=\"widget\" data-e-type=\"widget\" data-widget_type=\"text-editor.default\">\n\t\t\t\t<div class=\"elementor-widget-container\">\n\t\t\t\t\t\t\t\t\t<p>Vous avez le droit de<\/p><ul><li>Information (article 15 du RGPD)<\/li><li>Rectification (article 16 du RGPD)<\/li><li>Suppression (article 17 du RGPD)<\/li><li>Limitation (article 18 du RGPD)<\/li><li>Transf\u00e9rabilit\u00e9 des donn\u00e9es (article 20 du RGPD)<\/li><li>Opposition (article 21 du RGPD)<\/li><li>R\u00e9vocation d&rsquo;un consentement (article 7, paragraphe 3, du RGPD)<\/li><li>Recours aupr\u00e8s d&rsquo;une autorit\u00e9 de contr\u00f4le (article 77 du RGPD)<\/li><\/ul>\t\t\t\t\t\t\t\t<\/div>\n\t\t\t\t<\/div>\n\t\t<div class=\"elementor-element elementor-element-4d2f6ee e-con-full e-flex e-con e-child\" data-id=\"4d2f6ee\" data-element_type=\"container\" data-e-type=\"container\">\n\t\t\t\t<div class=\"elementor-element elementor-element-72c6812 elementor-widget elementor-widget-heading\" data-id=\"72c6812\" data-element_type=\"widget\" data-e-type=\"widget\" data-widget_type=\"heading.default\">\n\t\t\t\t<div class=\"elementor-widget-container\">\n\t\t\t\t\t<h5 class=\"elementor-heading-title elementor-size-default\">13. R\u00e8glement des litiges en ligne<\/h5>\t\t\t\t<\/div>\n\t\t\t\t<\/div>\n\t\t\t\t<div class=\"elementor-element elementor-element-aca1212 elementor-widget elementor-widget-text-editor\" data-id=\"aca1212\" data-element_type=\"widget\" data-e-type=\"widget\" data-widget_type=\"text-editor.default\">\n\t\t\t\t<div class=\"elementor-widget-container\">\n\t\t\t\t\t\t\t\t\t<p>La Commission europ\u00e9enne met \u00e0 disposition une plateforme de r\u00e8glement en ligne des litiges : <a style=\"color: #3e3635; text-decoration: underline;\" href=\"http:\/\/ec.europa.eu\/consumers\/odr\" target=\"_blank\" rel=\"noopener noreferrer\"><br>ec.europa.eu\/consumers\/odr<br><\/a><br> Nous ne participons pas \u00e0 une proc\u00e9dure de r\u00e8glement des litiges devant un organisme de conciliation des consommateurs.<\/p>\t\t\t\t\t\t\t\t<\/div>\n\t\t\t\t<\/div>\n\t\t\t\t<\/div>\n\t\t\t\t<\/div>\n\t\t\t\t<\/div>\n\t\t\t\t\t<\/div>\n\t\t\t\t<\/div>\n\t\t\t\t<\/div>\n\t\t","protected":false},"excerpt":{"rendered":"<p>Protection des donn\u00e9es D\u00c9CLARATION DE CONFIDENTIALIT\u00c9 1. Responsable BERODE GmbHApostelnstra\u00dfe 1-350667 K\u00f6lnt\u00e9l. : +49 (0)221 277389 0e-mail : info@berode.comRepr\u00e9sent\u00e9 par : Achim Roesner 2) Remarques g\u00e9n\u00e9rales sur le traitement des donn\u00e9es Nous prenons la protection de vos donn\u00e9es personnelles tr\u00e8s au s\u00e9rieux. Nous traitons vos donn\u00e9es exclusivement dans le cadre des dispositions l\u00e9gales relatives \u00e0 [&hellip;]<\/p>\n","protected":false},"author":1,"featured_media":0,"parent":0,"menu_order":0,"comment_status":"closed","ping_status":"closed","template":"","meta":{"site-sidebar-layout":"no-sidebar","site-content-layout":"page-builder","ast-site-content-layout":"","site-content-style":"default","site-sidebar-style":"default","ast-global-header-display":"","ast-banner-title-visibility":"","ast-main-header-display":"","ast-hfb-above-header-display":"","ast-hfb-below-header-display":"","ast-hfb-mobile-header-display":"","site-post-title":"disabled","ast-breadcrumbs-content":"disabled","ast-featured-img":"disabled","footer-sml-layout":"","theme-transparent-header-meta":"enabled","adv-header-id-meta":"","stick-header-meta":"","header-above-stick-meta":"","header-main-stick-meta":"","header-below-stick-meta":"","astra-migrate-meta-layouts":"default","ast-page-background-enabled":"default","ast-page-background-meta":{"desktop":{"background-color":"var(--ast-global-color-4)","background-image":"","background-repeat":"repeat","background-position":"center center","background-size":"auto","background-attachment":"scroll","background-type":"","background-media":"","overlay-type":"","overlay-color":"","overlay-opacity":"","overlay-gradient":""},"tablet":{"background-color":"","background-image":"","background-repeat":"repeat","background-position":"center center","background-size":"auto","background-attachment":"scroll","background-type":"","background-media":"","overlay-type":"","overlay-color":"","overlay-opacity":"","overlay-gradient":""},"mobile":{"background-color":"","background-image":"","background-repeat":"repeat","background-position":"center center","background-size":"auto","background-attachment":"scroll","background-type":"","background-media":"","overlay-type":"","overlay-color":"","overlay-opacity":"","overlay-gradient":""}},"ast-content-background-meta":{"desktop":{"background-color":"var(--ast-global-color-5)","background-image":"","background-repeat":"repeat","background-position":"center center","background-size":"auto","background-attachment":"scroll","background-type":"","background-media":"","overlay-type":"","overlay-color":"","overlay-opacity":"","overlay-gradient":""},"tablet":{"background-color":"var(--ast-global-color-5)","background-image":"","background-repeat":"repeat","background-position":"center center","background-size":"auto","background-attachment":"scroll","background-type":"","background-media":"","overlay-type":"","overlay-color":"","overlay-opacity":"","overlay-gradient":""},"mobile":{"background-color":"var(--ast-global-color-5)","background-image":"","background-repeat":"repeat","background-position":"center center","background-size":"auto","background-attachment":"scroll","background-type":"","background-media":"","overlay-type":"","overlay-color":"","overlay-opacity":"","overlay-gradient":""}},"footnotes":""},"class_list":["post-5037","page","type-page","status-publish","hentry"],"_links":{"self":[{"href":"https:\/\/www.berode.com\/fr\/wp-json\/wp\/v2\/pages\/5037","targetHints":{"allow":["GET"]}}],"collection":[{"href":"https:\/\/www.berode.com\/fr\/wp-json\/wp\/v2\/pages"}],"about":[{"href":"https:\/\/www.berode.com\/fr\/wp-json\/wp\/v2\/types\/page"}],"author":[{"embeddable":true,"href":"https:\/\/www.berode.com\/fr\/wp-json\/wp\/v2\/users\/1"}],"replies":[{"embeddable":true,"href":"https:\/\/www.berode.com\/fr\/wp-json\/wp\/v2\/comments?post=5037"}],"version-history":[{"count":4,"href":"https:\/\/www.berode.com\/fr\/wp-json\/wp\/v2\/pages\/5037\/revisions"}],"predecessor-version":[{"id":5120,"href":"https:\/\/www.berode.com\/fr\/wp-json\/wp\/v2\/pages\/5037\/revisions\/5120"}],"wp:attachment":[{"href":"https:\/\/www.berode.com\/fr\/wp-json\/wp\/v2\/media?parent=5037"}],"curies":[{"name":"wp","href":"https:\/\/api.w.org\/{rel}","templated":true}]}}